{"id":590,"date":"2021-11-26T08:30:01","date_gmt":"2021-11-26T08:30:01","guid":{"rendered":"http:\/\/canpepfrit.com\/?page_id=590"},"modified":"2021-11-26T09:05:45","modified_gmt":"2021-11-26T09:05:45","slug":"la-casa-cat","status":"publish","type":"page","link":"http:\/\/canpepfrit.com\/ca\/la-casa-cat","title":{"rendered":"la-casa-cat"},"content":{"rendered":"\t\t<div data-elementor-type=\"wp-page\" data-elementor-id=\"590\" class=\"elementor elementor-590\">\n\t\t\t\t\t\t<section class=\"elementor-section elementor-top-section elementor-element elementor-element-6b278d52 elementor-section-boxed elementor-section-height-default elementor-section-height-default\" data-id=\"6b278d52\" data-element_type=\"section\" data-e-type=\"section\" data-settings=\"{&quot;background_background&quot;:&quot;classic&quot;}\">\n\t\t\t\t\t\t<div class=\"elementor-container elementor-column-gap-default\">\n\t\t\t\t\t<div class=\"elementor-column elementor-col-100 elementor-top-column elementor-element elementor-element-4635b72d\" data-id=\"4635b72d\" data-element_type=\"column\" data-e-type=\"column\">\n\t\t\t<div class=\"elementor-widget-wrap elementor-element-populated\">\n\t\t\t\t\t\t<section class=\"elementor-section elementor-inner-section elementor-element elementor-element-56da0731 animated-slow elementor-section-boxed elementor-section-height-default elementor-section-height-default elementor-invisible\" data-id=\"56da0731\" data-element_type=\"section\" data-e-type=\"section\" data-settings=\"{&quot;background_background&quot;:&quot;classic&quot;,&quot;animation&quot;:&quot;zoomInUp&quot;}\">\n\t\t\t\t\t\t<div class=\"elementor-container elementor-column-gap-default\">\n\t\t\t\t\t<div class=\"elementor-column elementor-col-50 elementor-inner-column elementor-element elementor-element-4f02a35f\" data-id=\"4f02a35f\" data-element_type=\"column\" data-e-type=\"column\">\n\t\t\t<div class=\"elementor-widget-wrap elementor-element-populated\">\n\t\t\t\t\t\t<div class=\"elementor-element elementor-element-7d910379 elementor-widget elementor-widget-heading\" data-id=\"7d910379\" data-element_type=\"widget\" data-e-type=\"widget\" data-widget_type=\"heading.default\">\n\t\t\t\t<div class=\"elementor-widget-container\">\n\t\t\t\t\t<h4 class=\"elementor-heading-title elementor-size-default\">CAN PEP FRIT<\/h4>\t\t\t\t<\/div>\n\t\t\t\t<\/div>\n\t\t\t\t<div class=\"elementor-element elementor-element-2e5748b2 elementor-widget elementor-widget-heading\" data-id=\"2e5748b2\" data-element_type=\"widget\" data-e-type=\"widget\" data-widget_type=\"heading.default\">\n\t\t\t\t<div class=\"elementor-widget-container\">\n\t\t\t\t\t<h1 class=\"elementor-heading-title elementor-size-small\">casa rural al cor d'Eivissa<\/h1>\t\t\t\t<\/div>\n\t\t\t\t<\/div>\n\t\t\t\t\t<\/div>\n\t\t<\/div>\n\t\t\t\t<div class=\"elementor-column elementor-col-50 elementor-inner-column elementor-element elementor-element-2ab9e89f\" data-id=\"2ab9e89f\" data-element_type=\"column\" data-e-type=\"column\">\n\t\t\t<div class=\"elementor-widget-wrap elementor-element-populated\">\n\t\t\t\t\t\t<div class=\"elementor-element elementor-element-4ea1929f elementor-widget elementor-widget-text-editor\" data-id=\"4ea1929f\" data-element_type=\"widget\" data-e-type=\"widget\" data-widget_type=\"text-editor.default\">\n\t\t\t\t<div class=\"elementor-widget-container\">\n\t\t\t\t\t\t\t\t\t<p>Can Pep Frit \u00e9s una casa t\u00edpica eivissenca de 300 m2 envoltada d\u00b4horts i pinedes amb \u00e0mplia capacitat per a 8 persones.<\/p>\t\t\t\t\t\t\t\t<\/div>\n\t\t\t\t<\/div>\n\t\t\t\t\t<\/div>\n\t\t<\/div>\n\t\t\t\t\t<\/div>\n\t\t<\/section>\n\t\t\t\t<section class=\"elementor-section elementor-inner-section elementor-element elementor-element-5c8456df elementor-section-boxed elementor-section-height-default elementor-section-height-default\" data-id=\"5c8456df\" data-element_type=\"section\" data-e-type=\"section\">\n\t\t\t\t\t\t<div class=\"elementor-container elementor-column-gap-default\">\n\t\t\t\t\t<div class=\"elementor-column elementor-col-50 elementor-inner-column elementor-element elementor-element-72335f37 animated-slow elementor-invisible\" data-id=\"72335f37\" data-element_type=\"column\" data-e-type=\"column\" data-settings=\"{&quot;animation&quot;:&quot;fadeInLeft&quot;}\">\n\t\t\t<div class=\"elementor-widget-wrap elementor-element-populated\">\n\t\t\t\t\t\t<div class=\"elementor-element elementor-element-2d51e0c6 elementor-widget elementor-widget-heading\" data-id=\"2d51e0c6\" data-element_type=\"widget\" data-e-type=\"widget\" data-widget_type=\"heading.default\">\n\t\t\t\t<div class=\"elementor-widget-container\">\n\t\t\t\t\t<h2 class=\"elementor-heading-title elementor-size-default\">Serveis de la casa\n\n<\/h2>\t\t\t\t<\/div>\n\t\t\t\t<\/div>\n\t\t\t\t<div class=\"elementor-element elementor-element-d042c17 elementor-widget-divider--separator-type-pattern elementor-widget-divider--no-spacing elementor-widget-divider--view-line elementor-widget elementor-widget-divider\" data-id=\"d042c17\" data-element_type=\"widget\" data-e-type=\"widget\" data-widget_type=\"divider.default\">\n\t\t\t\t<div class=\"elementor-widget-container\">\n\t\t\t\t\t\t\t<div class=\"elementor-divider\" style=\"--divider-pattern-url: url(&quot;data:image\/svg+xml,%3Csvg xmlns=&#039;http:\/\/www.w3.org\/2000\/svg&#039; preserveAspectRatio=&#039;none&#039; overflow=&#039;visible&#039; height=&#039;100%&#039; viewBox=&#039;0 0 24 24&#039; fill=&#039;black&#039; stroke=&#039;none&#039;%3E%3Cpath d=&#039;M24,8v12H0V8H24z M24,4v1H0V4H24z&#039;\/%3E%3C\/svg%3E&quot;);\">\n\t\t\t<span class=\"elementor-divider-separator\">\n\t\t\t\t\t\t<\/span>\n\t\t<\/div>\n\t\t\t\t\t\t<\/div>\n\t\t\t\t<\/div>\n\t\t\t\t<div class=\"elementor-element elementor-element-4dd4f7a elementor-widget elementor-widget-image\" data-id=\"4dd4f7a\" data-element_type=\"widget\" data-e-type=\"widget\" data-widget_type=\"image.default\">\n\t\t\t\t<div class=\"elementor-widget-container\">\n\t\t\t\t\t\t\t\t\t\t\t\t\t\t\t<img fetchpriority=\"high\" decoding=\"async\" width=\"606\" height=\"83\" src=\"http:\/\/canpepfrit.com\/wp-content\/uploads\/2021\/11\/servicios.png\" class=\"attachment-full size-full wp-image-321\" alt=\"\" srcset=\"http:\/\/canpepfrit.com\/wp-content\/uploads\/2021\/11\/servicios.png 606w, http:\/\/canpepfrit.com\/wp-content\/uploads\/2021\/11\/servicios-300x41.png 300w\" sizes=\"(max-width: 606px) 100vw, 606px\" \/>\t\t\t\t\t\t\t\t\t\t\t\t\t\t\t<\/div>\n\t\t\t\t<\/div>\n\t\t\t\t<div class=\"elementor-element elementor-element-236b0d19 elementor-invisible elementor-widget elementor-widget-text-editor\" data-id=\"236b0d19\" data-element_type=\"widget\" data-e-type=\"widget\" data-settings=\"{&quot;_animation&quot;:&quot;fadeInLeft&quot;}\" data-widget_type=\"text-editor.default\">\n\t\t\t\t<div class=\"elementor-widget-container\">\n\t\t\t\t\t\t\t\t\t<div class=\"elementor-element elementor-element-3806ff9 elementor-widget elementor-widget-text-editor\" data-id=\"3806ff9\" data-element_type=\"widget\" data-widget_type=\"text-editor.default\"><div class=\"elementor-widget-container\"><p>DISTRIBUCI\u00d3.<\/p><p>La casa compta amb <span style=\"color: #ff0000;\">4 dormitoris<\/span> amb les seg\u00fcents caracter\u00edstiques:<\/p><p><span style=\"color: #ff0000;\">Pis superior<\/span>: 2 habitacions de matrimoni ( llit de 180 x 200 i llit de 150\u00d7200 )<\/p><p><span style=\"color: #ff0000;\">Pis inferior<\/span>: 2 habitacions dobles (un llit de matrimoni de 135\u00d7190 i dos llits individuals)<\/p><p><span style=\"color: #ff0000;\">2 BANYS<\/span> (amb plat de dutxa i equipats amb assecador de cabell, gel i xamp\u00fa)<\/p><p><span style=\"color: #ff0000;\">1 CUINA<\/span> ( nevera, congelador, rentavaixelles, forn, Torradora, microones, batedora, cafetera, liquadora, escalfador d&#8217;aigua)<\/p><p><span style=\"color: #ff0000;\">1 MENJADOR<\/span><\/p><p><span style=\"color: #ff0000;\">1 SAL\u00d3<\/span> (xemeneia, TV DIGITAL)<\/p><p><span style=\"color: #ff0000;\">BARBACOA COBERTA<\/span> moblada per a 10 comensals.<\/p><p><span style=\"color: #ff0000;\">SAFAREIG<\/span> (rentadora i productes de neteja)<\/p><p><span style=\"color: #ff0000;\">3 TERRASSES<\/span>: una zona de terrassa a la part davantera de la casa, amb zona coberta i descoberta, taula per esmorzars, forn de llenya). Dues terrasses a la part posterior de la casa, zona coberta amb chillout, taula i cadires de menjador, i zona descoberta amb gandules i piscina)<\/p><p><span style=\"color: #ff0000;\">Aire condicionat<\/span> tant al pis superior com inferior.<\/p><p><span style=\"color: #ff0000;\">INTERNET ADSL \u2013 WIFI<\/span><\/p><\/div><\/div>\t\t\t\t\t\t\t\t<\/div>\n\t\t\t\t<\/div>\n\t\t\t\t\t<\/div>\n\t\t<\/div>\n\t\t\t\t<div class=\"elementor-column elementor-col-50 elementor-inner-column elementor-element elementor-element-56ecf983 animated-slow elementor-invisible\" data-id=\"56ecf983\" data-element_type=\"column\" data-e-type=\"column\" data-settings=\"{&quot;animation&quot;:&quot;fadeInRight&quot;}\">\n\t\t\t<div class=\"elementor-widget-wrap elementor-element-populated\">\n\t\t\t\t\t\t<div class=\"elementor-element elementor-element-43e94c70 skt-img-carousel elementor-arrows-position-inside elementor-widget elementor-widget-image-carousel\" data-id=\"43e94c70\" data-element_type=\"widget\" data-e-type=\"widget\" data-settings=\"{&quot;slides_to_show&quot;:&quot;1&quot;,&quot;navigation&quot;:&quot;arrows&quot;,&quot;autoplay&quot;:&quot;no&quot;,&quot;infinite&quot;:&quot;yes&quot;,&quot;effect&quot;:&quot;slide&quot;,&quot;speed&quot;:500}\" data-widget_type=\"image-carousel.default\">\n\t\t\t\t<div class=\"elementor-widget-container\">\n\t\t\t\t\t\t\t<div class=\"elementor-image-carousel-wrapper swiper\" role=\"region\" aria-roledescription=\"carousel\" aria-label=\"Carrusel de im\u00e1genes\" dir=\"ltr\">\n\t\t\t<div class=\"elementor-image-carousel swiper-wrapper\" aria-live=\"polite\">\n\t\t\t\t\t\t\t\t<div class=\"swiper-slide\" role=\"group\" aria-roledescription=\"slide\" aria-label=\"1 de 18\"><figure class=\"swiper-slide-inner\"><img decoding=\"async\" class=\"swiper-slide-image\" src=\"http:\/\/canpepfrit.com\/wp-content\/uploads\/2021\/11\/IMG-20211108-WA0036.jpg\" alt=\"IMG-20211108-WA0036\" \/><\/figure><\/div><div class=\"swiper-slide\" role=\"group\" aria-roledescription=\"slide\" aria-label=\"2 de 18\"><figure class=\"swiper-slide-inner\"><img decoding=\"async\" class=\"swiper-slide-image\" src=\"http:\/\/canpepfrit.com\/wp-content\/uploads\/2021\/11\/IMG_0724-scaled.jpg\" alt=\"IMG_0724\" \/><\/figure><\/div><div class=\"swiper-slide\" role=\"group\" aria-roledescription=\"slide\" aria-label=\"3 de 18\"><figure class=\"swiper-slide-inner\"><img decoding=\"async\" class=\"swiper-slide-image\" src=\"http:\/\/canpepfrit.com\/wp-content\/uploads\/2021\/11\/IMG_0717-scaled.jpg\" alt=\"IMG_0717\" \/><\/figure><\/div><div class=\"swiper-slide\" role=\"group\" aria-roledescription=\"slide\" aria-label=\"4 de 18\"><figure class=\"swiper-slide-inner\"><img decoding=\"async\" class=\"swiper-slide-image\" src=\"http:\/\/canpepfrit.com\/wp-content\/uploads\/2021\/11\/IMG_0713-scaled.jpg\" alt=\"IMG_0713\" \/><\/figure><\/div><div class=\"swiper-slide\" role=\"group\" aria-roledescription=\"slide\" aria-label=\"5 de 18\"><figure class=\"swiper-slide-inner\"><img decoding=\"async\" class=\"swiper-slide-image\" src=\"http:\/\/canpepfrit.com\/wp-content\/uploads\/2021\/11\/1636408345945.jpg\" alt=\"1636408345945\" \/><\/figure><\/div><div class=\"swiper-slide\" role=\"group\" aria-roledescription=\"slide\" aria-label=\"6 de 18\"><figure class=\"swiper-slide-inner\"><img decoding=\"async\" class=\"swiper-slide-image\" src=\"http:\/\/canpepfrit.com\/wp-content\/uploads\/2021\/11\/1636408314560.jpg\" alt=\"1636408314560\" \/><\/figure><\/div><div class=\"swiper-slide\" role=\"group\" aria-roledescription=\"slide\" aria-label=\"7 de 18\"><figure class=\"swiper-slide-inner\"><img decoding=\"async\" class=\"swiper-slide-image\" src=\"http:\/\/canpepfrit.com\/wp-content\/uploads\/2021\/11\/1636408050552.jpg\" alt=\"1636408050552\" \/><\/figure><\/div><div class=\"swiper-slide\" role=\"group\" aria-roledescription=\"slide\" aria-label=\"8 de 18\"><figure class=\"swiper-slide-inner\"><img decoding=\"async\" class=\"swiper-slide-image\" src=\"http:\/\/canpepfrit.com\/wp-content\/uploads\/2021\/11\/1636407773612.jpg\" alt=\"1636407773612\" \/><\/figure><\/div><div class=\"swiper-slide\" role=\"group\" aria-roledescription=\"slide\" aria-label=\"9 de 18\"><figure class=\"swiper-slide-inner\"><img decoding=\"async\" class=\"swiper-slide-image\" src=\"http:\/\/canpepfrit.com\/wp-content\/uploads\/2021\/11\/1636407805975.jpg\" alt=\"1636407805975\" \/><\/figure><\/div><div class=\"swiper-slide\" role=\"group\" aria-roledescription=\"slide\" aria-label=\"10 de 18\"><figure class=\"swiper-slide-inner\"><img decoding=\"async\" class=\"swiper-slide-image\" src=\"http:\/\/canpepfrit.com\/wp-content\/uploads\/2021\/11\/1636407733048.jpg\" alt=\"1636407733048\" \/><\/figure><\/div><div class=\"swiper-slide\" role=\"group\" aria-roledescription=\"slide\" aria-label=\"11 de 18\"><figure class=\"swiper-slide-inner\"><img decoding=\"async\" class=\"swiper-slide-image\" src=\"http:\/\/canpepfrit.com\/wp-content\/uploads\/2021\/11\/1636407672868.jpg\" alt=\"1636407672868\" \/><\/figure><\/div><div class=\"swiper-slide\" role=\"group\" aria-roledescription=\"slide\" aria-label=\"12 de 18\"><figure class=\"swiper-slide-inner\"><img decoding=\"async\" class=\"swiper-slide-image\" src=\"http:\/\/canpepfrit.com\/wp-content\/uploads\/2021\/11\/IMG_0682-scaled.jpg\" alt=\"IMG_0682\" \/><\/figure><\/div><div class=\"swiper-slide\" role=\"group\" aria-roledescription=\"slide\" aria-label=\"13 de 18\"><figure class=\"swiper-slide-inner\"><img decoding=\"async\" class=\"swiper-slide-image\" src=\"http:\/\/canpepfrit.com\/wp-content\/uploads\/2021\/11\/IMG_0650-1-scaled.jpg\" alt=\"IMG_0650\" \/><\/figure><\/div><div class=\"swiper-slide\" role=\"group\" aria-roledescription=\"slide\" aria-label=\"14 de 18\"><figure class=\"swiper-slide-inner\"><img decoding=\"async\" class=\"swiper-slide-image\" src=\"http:\/\/canpepfrit.com\/wp-content\/uploads\/2021\/11\/1636406767858.jpg\" alt=\"1636406767858\" \/><\/figure><\/div><div class=\"swiper-slide\" role=\"group\" aria-roledescription=\"slide\" aria-label=\"15 de 18\"><figure class=\"swiper-slide-inner\"><img decoding=\"async\" class=\"swiper-slide-image\" src=\"http:\/\/canpepfrit.com\/wp-content\/uploads\/2021\/11\/1636406767854.jpg\" alt=\"1636406767854\" \/><\/figure><\/div><div class=\"swiper-slide\" role=\"group\" aria-roledescription=\"slide\" aria-label=\"16 de 18\"><figure class=\"swiper-slide-inner\"><img decoding=\"async\" class=\"swiper-slide-image\" src=\"http:\/\/canpepfrit.com\/wp-content\/uploads\/2021\/11\/1636406767851.jpg\" alt=\"1636406767851\" \/><\/figure><\/div><div class=\"swiper-slide\" role=\"group\" aria-roledescription=\"slide\" aria-label=\"17 de 18\"><figure class=\"swiper-slide-inner\"><img decoding=\"async\" class=\"swiper-slide-image\" src=\"http:\/\/canpepfrit.com\/wp-content\/uploads\/2021\/11\/IMG_0650-scaled.jpg\" alt=\"IMG_0650\" \/><\/figure><\/div><div class=\"swiper-slide\" role=\"group\" aria-roledescription=\"slide\" aria-label=\"18 de 18\"><figure class=\"swiper-slide-inner\"><img decoding=\"async\" class=\"swiper-slide-image\" src=\"http:\/\/canpepfrit.com\/wp-content\/uploads\/2021\/11\/1636407847358-scaled.jpg\" alt=\"1636407847358\" \/><\/figure><\/div>\t\t\t<\/div>\n\t\t\t\t\t\t\t\t\t\t\t\t<div class=\"elementor-swiper-button elementor-swiper-button-prev\" role=\"button\" tabindex=\"0\">\n\t\t\t\t\t\t<i aria-hidden=\"true\" class=\"eicon-chevron-left\"><\/i>\t\t\t\t\t<\/div>\n\t\t\t\t\t<div class=\"elementor-swiper-button elementor-swiper-button-next\" role=\"button\" tabindex=\"0\">\n\t\t\t\t\t\t<i aria-hidden=\"true\" class=\"eicon-chevron-right\"><\/i>\t\t\t\t\t<\/div>\n\t\t\t\t\n\t\t\t\t\t\t\t\t\t<\/div>\n\t\t\t\t\t\t<\/div>\n\t\t\t\t<\/div>\n\t\t\t\t<div class=\"elementor-element elementor-element-96f7811 elementor-widget elementor-widget-text-editor\" data-id=\"96f7811\" data-element_type=\"widget\" data-e-type=\"widget\" data-widget_type=\"text-editor.default\">\n\t\t\t\t<div class=\"elementor-widget-container\">\n\t\t\t\t\t\t\t\t\t<p>L&#8217;habitatge, que va ser restaurat el 2014, compta amb \u00e0mplies estances i habitacions amb sostres de savina, originals de les construccions eivissenques, aix\u00ed com de murs gruixuts d&#8217;1m d&#8217;ample. Aquestes caracter\u00edstiques constructives fan que la temperatura a l&#8217;interior de la casa es mantingui estable durant les estacions de l&#8217;any.<\/p><p>Situada tan sols a 2km del poble de Sant Miquel de Balansat, podreu gaudir de la vostra privadesa en un entorn completament rural. La seva ubicaci\u00f3 i f\u00e0cil acc\u00e9s fa possible anar caminant fins al poble, aix\u00ed com arribar en 5 minuts amb cotxe al preci\u00f3s poble de Santa Gertrudis, 20 al centre de la ciutat i 25 a l&#8217;aeroport d&#8217;Eivissa. Tant al poble de Sant Miquel com a Santa Gertrudis es poden trobar tots els serveis necessaris: supermercats, carnisseria, farm\u00e0cia, metge, bancs, papereria, restaurants, oficina de correus etc\u2026.<\/p><p>A pocs quil\u00f2metres de la zona podreu gaudir de les meravelloses platges del nord d&#8217;Eivissa. Aquestes cales petites disposen de tots els serveis necessaris per gaudir d&#8217;un preci\u00f3s i divertit dia de platja. D&#8217;altra banda, al Puig de Missa de Sant Miquel, tots els dijous durant els mesos d&#8217;estiu es pot gaudir d&#8217;exhibici\u00f3 de balls tradicionals eivissencs i mercat ambulant setmanal amb productes t\u00edpics de la zona i artesania<\/p>\t\t\t\t\t\t\t\t<\/div>\n\t\t\t\t<\/div>\n\t\t\t\t\t<\/div>\n\t\t<\/div>\n\t\t\t\t\t<\/div>\n\t\t<\/section>\n\t\t\t\t\t<\/div>\n\t\t<\/div>\n\t\t\t\t\t<\/div>\n\t\t<\/section>\n\t\t\t\t<\/div>\n\t\t","protected":false},"excerpt":{"rendered":"<p>CAN PEP FRIT casa rural al cor d&#8217;Eivissa Can Pep Frit \u00e9s una casa t\u00edpica eivissenca de 300 m2 envoltada d\u00b4horts i pinedes amb \u00e0mplia capacitat per a 8 persones. Serveis de la casa DISTRIBUCI\u00d3. La casa compta amb 4 dormitoris amb les seg\u00fcents caracter\u00edstiques: Pis superior: 2 habitacions de matrimoni ( llit de 180<br \/><a class=\"moretag\" href=\"http:\/\/canpepfrit.com\/ca\/la-casa-cat\">+ Read More<\/a><\/p>\n","protected":false},"author":1,"featured_media":0,"parent":0,"menu_order":0,"comment_status":"closed","ping_status":"closed","template":"elementor_header_footer","meta":{"_monsterinsights_skip_tracking":false,"_monsterinsights_sitenote_active":false,"_monsterinsights_sitenote_note":"","_monsterinsights_sitenote_category":0,"footnotes":""},"class_list":["post-590","page","type-page","status-publish","hentry"],"aioseo_notices":[],"_links":{"self":[{"href":"http:\/\/canpepfrit.com\/ca\/wp-json\/wp\/v2\/pages\/590","targetHints":{"allow":["GET"]}}],"collection":[{"href":"http:\/\/canpepfrit.com\/ca\/wp-json\/wp\/v2\/pages"}],"about":[{"href":"http:\/\/canpepfrit.com\/ca\/wp-json\/wp\/v2\/types\/page"}],"author":[{"embeddable":true,"href":"http:\/\/canpepfrit.com\/ca\/wp-json\/wp\/v2\/users\/1"}],"replies":[{"embeddable":true,"href":"http:\/\/canpepfrit.com\/ca\/wp-json\/wp\/v2\/comments?post=590"}],"version-history":[{"count":7,"href":"http:\/\/canpepfrit.com\/ca\/wp-json\/wp\/v2\/pages\/590\/revisions"}],"predecessor-version":[{"id":630,"href":"http:\/\/canpepfrit.com\/ca\/wp-json\/wp\/v2\/pages\/590\/revisions\/630"}],"wp:attachment":[{"href":"http:\/\/canpepfrit.com\/ca\/wp-json\/wp\/v2\/media?parent=590"}],"curies":[{"name":"wp","href":"https:\/\/api.w.org\/{rel}","templated":true}]}}