{"id":315,"date":"2021-11-15T09:43:54","date_gmt":"2021-11-15T09:43:54","guid":{"rendered":"http:\/\/canpepfrit.com\/?page_id=315"},"modified":"2021-11-15T10:11:52","modified_gmt":"2021-11-15T10:11:52","slug":"la-casa-2","status":"publish","type":"page","link":"http:\/\/canpepfrit.com\/ca\/la-casa-2","title":{"rendered":"La Casa"},"content":{"rendered":"\t\t<div data-elementor-type=\"wp-page\" data-elementor-id=\"315\" class=\"elementor elementor-315\">\n\t\t\t\t\t\t<section class=\"elementor-section elementor-top-section elementor-element elementor-element-6b278d52 elementor-section-boxed elementor-section-height-default elementor-section-height-default\" data-id=\"6b278d52\" data-element_type=\"section\" data-e-type=\"section\" data-settings=\"{&quot;background_background&quot;:&quot;classic&quot;}\">\n\t\t\t\t\t\t<div class=\"elementor-container elementor-column-gap-default\">\n\t\t\t\t\t<div class=\"elementor-column elementor-col-100 elementor-top-column elementor-element elementor-element-4635b72d\" data-id=\"4635b72d\" data-element_type=\"column\" data-e-type=\"column\">\n\t\t\t<div class=\"elementor-widget-wrap elementor-element-populated\">\n\t\t\t\t\t\t<section class=\"elementor-section elementor-inner-section elementor-element elementor-element-56da0731 animated-slow elementor-section-boxed elementor-section-height-default elementor-section-height-default elementor-invisible\" data-id=\"56da0731\" data-element_type=\"section\" data-e-type=\"section\" data-settings=\"{&quot;background_background&quot;:&quot;classic&quot;,&quot;animation&quot;:&quot;zoomInUp&quot;}\">\n\t\t\t\t\t\t<div class=\"elementor-container elementor-column-gap-default\">\n\t\t\t\t\t<div class=\"elementor-column elementor-col-50 elementor-inner-column elementor-element elementor-element-4f02a35f\" data-id=\"4f02a35f\" data-element_type=\"column\" data-e-type=\"column\">\n\t\t\t<div class=\"elementor-widget-wrap elementor-element-populated\">\n\t\t\t\t\t\t<div class=\"elementor-element elementor-element-7d910379 elementor-widget elementor-widget-heading\" data-id=\"7d910379\" data-element_type=\"widget\" data-e-type=\"widget\" data-widget_type=\"heading.default\">\n\t\t\t\t<div class=\"elementor-widget-container\">\n\t\t\t\t\t<h4 class=\"elementor-heading-title elementor-size-default\">CAN PEP FRIT<\/h4>\t\t\t\t<\/div>\n\t\t\t\t<\/div>\n\t\t\t\t<div class=\"elementor-element elementor-element-2e5748b2 elementor-widget elementor-widget-heading\" data-id=\"2e5748b2\" data-element_type=\"widget\" data-e-type=\"widget\" data-widget_type=\"heading.default\">\n\t\t\t\t<div class=\"elementor-widget-container\">\n\t\t\t\t\t<h1 class=\"elementor-heading-title elementor-size-small\">casa rural en el coraz\u00f3n de ibiza<\/h1>\t\t\t\t<\/div>\n\t\t\t\t<\/div>\n\t\t\t\t\t<\/div>\n\t\t<\/div>\n\t\t\t\t<div class=\"elementor-column elementor-col-50 elementor-inner-column elementor-element elementor-element-2ab9e89f\" data-id=\"2ab9e89f\" data-element_type=\"column\" data-e-type=\"column\">\n\t\t\t<div class=\"elementor-widget-wrap elementor-element-populated\">\n\t\t\t\t\t\t<div class=\"elementor-element elementor-element-4ea1929f elementor-widget elementor-widget-text-editor\" data-id=\"4ea1929f\" data-element_type=\"widget\" data-e-type=\"widget\" data-widget_type=\"text-editor.default\">\n\t\t\t\t<div class=\"elementor-widget-container\">\n\t\t\t\t\t\t\t\t\t<p>Can Pep Frit es una casa t\u00edpica ibicenca de 300 m2 rodeada de huertos y pinares con amplia capacidad para 8 personas.<\/p>\t\t\t\t\t\t\t\t<\/div>\n\t\t\t\t<\/div>\n\t\t\t\t\t<\/div>\n\t\t<\/div>\n\t\t\t\t\t<\/div>\n\t\t<\/section>\n\t\t\t\t<section class=\"elementor-section elementor-inner-section elementor-element elementor-element-5c8456df elementor-section-boxed elementor-section-height-default elementor-section-height-default\" data-id=\"5c8456df\" data-element_type=\"section\" data-e-type=\"section\">\n\t\t\t\t\t\t<div class=\"elementor-container elementor-column-gap-default\">\n\t\t\t\t\t<div class=\"elementor-column elementor-col-50 elementor-inner-column elementor-element elementor-element-72335f37 animated-slow elementor-invisible\" data-id=\"72335f37\" data-element_type=\"column\" data-e-type=\"column\" data-settings=\"{&quot;animation&quot;:&quot;fadeInLeft&quot;}\">\n\t\t\t<div class=\"elementor-widget-wrap elementor-element-populated\">\n\t\t\t\t\t\t<div class=\"elementor-element elementor-element-2d51e0c6 elementor-widget elementor-widget-heading\" data-id=\"2d51e0c6\" data-element_type=\"widget\" data-e-type=\"widget\" data-widget_type=\"heading.default\">\n\t\t\t\t<div class=\"elementor-widget-container\">\n\t\t\t\t\t<h2 class=\"elementor-heading-title elementor-size-default\">Servicios de la casa\n\n<\/h2>\t\t\t\t<\/div>\n\t\t\t\t<\/div>\n\t\t\t\t<div class=\"elementor-element elementor-element-d042c17 elementor-widget-divider--separator-type-pattern elementor-widget-divider--no-spacing elementor-widget-divider--view-line elementor-widget elementor-widget-divider\" data-id=\"d042c17\" data-element_type=\"widget\" data-e-type=\"widget\" data-widget_type=\"divider.default\">\n\t\t\t\t<div class=\"elementor-widget-container\">\n\t\t\t\t\t\t\t<div class=\"elementor-divider\" style=\"--divider-pattern-url: url(&quot;data:image\/svg+xml,%3Csvg xmlns=&#039;http:\/\/www.w3.org\/2000\/svg&#039; preserveAspectRatio=&#039;none&#039; overflow=&#039;visible&#039; height=&#039;100%&#039; viewBox=&#039;0 0 24 24&#039; fill=&#039;black&#039; stroke=&#039;none&#039;%3E%3Cpath d=&#039;M24,8v12H0V8H24z M24,4v1H0V4H24z&#039;\/%3E%3C\/svg%3E&quot;);\">\n\t\t\t<span class=\"elementor-divider-separator\">\n\t\t\t\t\t\t<\/span>\n\t\t<\/div>\n\t\t\t\t\t\t<\/div>\n\t\t\t\t<\/div>\n\t\t\t\t<div class=\"elementor-element elementor-element-4dd4f7a elementor-widget elementor-widget-image\" data-id=\"4dd4f7a\" data-element_type=\"widget\" data-e-type=\"widget\" data-widget_type=\"image.default\">\n\t\t\t\t<div class=\"elementor-widget-container\">\n\t\t\t\t\t\t\t\t\t\t\t\t\t\t\t<img fetchpriority=\"high\" decoding=\"async\" width=\"606\" height=\"83\" src=\"http:\/\/canpepfrit.com\/wp-content\/uploads\/2021\/11\/servicios.png\" class=\"attachment-full size-full wp-image-321\" alt=\"\" srcset=\"http:\/\/canpepfrit.com\/wp-content\/uploads\/2021\/11\/servicios.png 606w, http:\/\/canpepfrit.com\/wp-content\/uploads\/2021\/11\/servicios-300x41.png 300w\" sizes=\"(max-width: 606px) 100vw, 606px\" \/>\t\t\t\t\t\t\t\t\t\t\t\t\t\t\t<\/div>\n\t\t\t\t<\/div>\n\t\t\t\t<div class=\"elementor-element elementor-element-236b0d19 elementor-invisible elementor-widget elementor-widget-text-editor\" data-id=\"236b0d19\" data-element_type=\"widget\" data-e-type=\"widget\" data-settings=\"{&quot;_animation&quot;:&quot;fadeInLeft&quot;}\" data-widget_type=\"text-editor.default\">\n\t\t\t\t<div class=\"elementor-widget-container\">\n\t\t\t\t\t\t\t\t\t<div class=\"elementor-element elementor-element-3806ff9 elementor-widget elementor-widget-text-editor\" data-id=\"3806ff9\" data-element_type=\"widget\" data-widget_type=\"text-editor.default\"><div class=\"elementor-widget-container\"><p><span style=\"color: #333333;\"><strong>DISTRIBUCI\u00d3N.<\/strong><\/span><\/p><p><span style=\"color: #000000;\">La casa cuenta con <span style=\"text-decoration: underline;\">4 dormitorios<\/span> con las siguientes caracter\u00edsticas:<\/span><\/p><p><span style=\"color: #000000;\"><span style=\"color: #ff0000;\">Piso superior<\/span>: 2 habitaciones de matrimonio ( cama de 180 x 200 y cama de 150\u00d7200 )<\/span><\/p><p><span style=\"color: #000000;\"><span style=\"color: #ff0000;\">Piso inferior<\/span>: 2 habitaciones dobles ( una cama de matrimonio de 135\u00d7190 y dos camas individuales)<\/span><\/p><p><span style=\"color: #000000;\"><span style=\"color: #ff0000;\">2 BA\u00d1OS<\/span> (con plato de ducha y equipados con secador de pelo, gel y champ\u00fa)<\/span><\/p><p><span style=\"color: #000000;\"><span style=\"color: #ff0000;\">1 COCINA<\/span> ( nevera, congelador, lavavajillas, horno, Tostadora, microondas, batidora, cafetera, licuadora, calentador de agua)<\/span><\/p><p><span style=\"color: #ff0000;\">1 COMEDOR<\/span><\/p><p><span style=\"color: #000000;\"><span style=\"color: #ff0000;\">1 SAL\u00d3N<\/span> (chimenea, TV DIGITAL)<\/span><\/p><p><span style=\"color: #000000;\"><span style=\"color: #ff0000;\">BARBACOA CUBIERTA<\/span> amueblada para 10 comensales.<\/span><\/p><p><span style=\"color: #000000;\"><span style=\"color: #ff0000;\">LAVADERO<\/span> (lavadora y productos de limpieza)<\/span><\/p><p><span style=\"color: #000000;\"><span style=\"color: #ff0000;\">3 TERRAZAS<\/span>: una zona de terraza en la parte delantera de la casa, con zona cubierta y descubierta, mesa para desayunos, horno de le\u00f1a). Dos terrazas en la parte trasera de la casa, zona cubierta con chillout, mesa y sillas de comedor, y zona descubierta con tumbonas y piscina)<\/span><\/p><p><span style=\"color: #000000;\">Aire acondicionado tanto en el piso superior como inferior.<\/span><\/p><p><span style=\"color: #ff0000;\">INTERNET ADSL \u2013 WIFI<\/span><\/p><\/div><\/div>\t\t\t\t\t\t\t\t<\/div>\n\t\t\t\t<\/div>\n\t\t\t\t\t<\/div>\n\t\t<\/div>\n\t\t\t\t<div class=\"elementor-column elementor-col-50 elementor-inner-column elementor-element elementor-element-56ecf983 animated-slow elementor-invisible\" data-id=\"56ecf983\" data-element_type=\"column\" data-e-type=\"column\" data-settings=\"{&quot;animation&quot;:&quot;fadeInRight&quot;}\">\n\t\t\t<div class=\"elementor-widget-wrap elementor-element-populated\">\n\t\t\t\t\t\t<div class=\"elementor-element elementor-element-43e94c70 skt-img-carousel elementor-arrows-position-inside elementor-widget elementor-widget-image-carousel\" data-id=\"43e94c70\" data-element_type=\"widget\" data-e-type=\"widget\" data-settings=\"{&quot;slides_to_show&quot;:&quot;1&quot;,&quot;navigation&quot;:&quot;arrows&quot;,&quot;autoplay&quot;:&quot;no&quot;,&quot;infinite&quot;:&quot;yes&quot;,&quot;effect&quot;:&quot;slide&quot;,&quot;speed&quot;:500}\" data-widget_type=\"image-carousel.default\">\n\t\t\t\t<div class=\"elementor-widget-container\">\n\t\t\t\t\t\t\t<div class=\"elementor-image-carousel-wrapper swiper\" role=\"region\" aria-roledescription=\"carousel\" aria-label=\"Carrusel de im\u00e1genes\" dir=\"ltr\">\n\t\t\t<div class=\"elementor-image-carousel swiper-wrapper\" aria-live=\"polite\">\n\t\t\t\t\t\t\t\t<div class=\"swiper-slide\" role=\"group\" aria-roledescription=\"slide\" aria-label=\"1 de 18\"><figure class=\"swiper-slide-inner\"><img decoding=\"async\" class=\"swiper-slide-image\" src=\"http:\/\/canpepfrit.com\/wp-content\/uploads\/2021\/11\/IMG-20211108-WA0036.jpg\" alt=\"IMG-20211108-WA0036\" \/><\/figure><\/div><div class=\"swiper-slide\" role=\"group\" aria-roledescription=\"slide\" aria-label=\"2 de 18\"><figure class=\"swiper-slide-inner\"><img decoding=\"async\" class=\"swiper-slide-image\" src=\"http:\/\/canpepfrit.com\/wp-content\/uploads\/2021\/11\/IMG_0724-scaled.jpg\" alt=\"IMG_0724\" \/><\/figure><\/div><div class=\"swiper-slide\" role=\"group\" aria-roledescription=\"slide\" aria-label=\"3 de 18\"><figure class=\"swiper-slide-inner\"><img decoding=\"async\" class=\"swiper-slide-image\" src=\"http:\/\/canpepfrit.com\/wp-content\/uploads\/2021\/11\/IMG_0717-scaled.jpg\" alt=\"IMG_0717\" \/><\/figure><\/div><div class=\"swiper-slide\" role=\"group\" aria-roledescription=\"slide\" aria-label=\"4 de 18\"><figure class=\"swiper-slide-inner\"><img decoding=\"async\" class=\"swiper-slide-image\" src=\"http:\/\/canpepfrit.com\/wp-content\/uploads\/2021\/11\/IMG_0713-scaled.jpg\" alt=\"IMG_0713\" \/><\/figure><\/div><div class=\"swiper-slide\" role=\"group\" aria-roledescription=\"slide\" aria-label=\"5 de 18\"><figure class=\"swiper-slide-inner\"><img decoding=\"async\" class=\"swiper-slide-image\" src=\"http:\/\/canpepfrit.com\/wp-content\/uploads\/2021\/11\/1636408345945.jpg\" alt=\"1636408345945\" \/><\/figure><\/div><div class=\"swiper-slide\" role=\"group\" aria-roledescription=\"slide\" aria-label=\"6 de 18\"><figure class=\"swiper-slide-inner\"><img decoding=\"async\" class=\"swiper-slide-image\" src=\"http:\/\/canpepfrit.com\/wp-content\/uploads\/2021\/11\/1636408314560.jpg\" alt=\"1636408314560\" \/><\/figure><\/div><div class=\"swiper-slide\" role=\"group\" aria-roledescription=\"slide\" aria-label=\"7 de 18\"><figure class=\"swiper-slide-inner\"><img decoding=\"async\" class=\"swiper-slide-image\" src=\"http:\/\/canpepfrit.com\/wp-content\/uploads\/2021\/11\/1636408050552.jpg\" alt=\"1636408050552\" \/><\/figure><\/div><div class=\"swiper-slide\" role=\"group\" aria-roledescription=\"slide\" aria-label=\"8 de 18\"><figure class=\"swiper-slide-inner\"><img decoding=\"async\" class=\"swiper-slide-image\" src=\"http:\/\/canpepfrit.com\/wp-content\/uploads\/2021\/11\/1636407773612.jpg\" alt=\"1636407773612\" \/><\/figure><\/div><div class=\"swiper-slide\" role=\"group\" aria-roledescription=\"slide\" aria-label=\"9 de 18\"><figure class=\"swiper-slide-inner\"><img decoding=\"async\" class=\"swiper-slide-image\" src=\"http:\/\/canpepfrit.com\/wp-content\/uploads\/2021\/11\/1636407805975.jpg\" alt=\"1636407805975\" \/><\/figure><\/div><div class=\"swiper-slide\" role=\"group\" aria-roledescription=\"slide\" aria-label=\"10 de 18\"><figure class=\"swiper-slide-inner\"><img decoding=\"async\" class=\"swiper-slide-image\" src=\"http:\/\/canpepfrit.com\/wp-content\/uploads\/2021\/11\/1636407733048.jpg\" alt=\"1636407733048\" \/><\/figure><\/div><div class=\"swiper-slide\" role=\"group\" aria-roledescription=\"slide\" aria-label=\"11 de 18\"><figure class=\"swiper-slide-inner\"><img decoding=\"async\" class=\"swiper-slide-image\" src=\"http:\/\/canpepfrit.com\/wp-content\/uploads\/2021\/11\/1636407672868.jpg\" alt=\"1636407672868\" \/><\/figure><\/div><div class=\"swiper-slide\" role=\"group\" aria-roledescription=\"slide\" aria-label=\"12 de 18\"><figure class=\"swiper-slide-inner\"><img decoding=\"async\" class=\"swiper-slide-image\" src=\"http:\/\/canpepfrit.com\/wp-content\/uploads\/2021\/11\/IMG_0682-scaled.jpg\" alt=\"IMG_0682\" \/><\/figure><\/div><div class=\"swiper-slide\" role=\"group\" aria-roledescription=\"slide\" aria-label=\"13 de 18\"><figure class=\"swiper-slide-inner\"><img decoding=\"async\" class=\"swiper-slide-image\" src=\"http:\/\/canpepfrit.com\/wp-content\/uploads\/2021\/11\/IMG_0650-1-scaled.jpg\" alt=\"IMG_0650\" \/><\/figure><\/div><div class=\"swiper-slide\" role=\"group\" aria-roledescription=\"slide\" aria-label=\"14 de 18\"><figure class=\"swiper-slide-inner\"><img decoding=\"async\" class=\"swiper-slide-image\" src=\"http:\/\/canpepfrit.com\/wp-content\/uploads\/2021\/11\/1636406767858.jpg\" alt=\"1636406767858\" \/><\/figure><\/div><div class=\"swiper-slide\" role=\"group\" aria-roledescription=\"slide\" aria-label=\"15 de 18\"><figure class=\"swiper-slide-inner\"><img decoding=\"async\" class=\"swiper-slide-image\" src=\"http:\/\/canpepfrit.com\/wp-content\/uploads\/2021\/11\/1636406767854.jpg\" alt=\"1636406767854\" \/><\/figure><\/div><div class=\"swiper-slide\" role=\"group\" aria-roledescription=\"slide\" aria-label=\"16 de 18\"><figure class=\"swiper-slide-inner\"><img decoding=\"async\" class=\"swiper-slide-image\" src=\"http:\/\/canpepfrit.com\/wp-content\/uploads\/2021\/11\/1636406767851.jpg\" alt=\"1636406767851\" \/><\/figure><\/div><div class=\"swiper-slide\" role=\"group\" aria-roledescription=\"slide\" aria-label=\"17 de 18\"><figure class=\"swiper-slide-inner\"><img decoding=\"async\" class=\"swiper-slide-image\" src=\"http:\/\/canpepfrit.com\/wp-content\/uploads\/2021\/11\/IMG_0650-scaled.jpg\" alt=\"IMG_0650\" \/><\/figure><\/div><div class=\"swiper-slide\" role=\"group\" aria-roledescription=\"slide\" aria-label=\"18 de 18\"><figure class=\"swiper-slide-inner\"><img decoding=\"async\" class=\"swiper-slide-image\" src=\"http:\/\/canpepfrit.com\/wp-content\/uploads\/2021\/11\/1636407847358-scaled.jpg\" alt=\"1636407847358\" \/><\/figure><\/div>\t\t\t<\/div>\n\t\t\t\t\t\t\t\t\t\t\t\t<div class=\"elementor-swiper-button elementor-swiper-button-prev\" role=\"button\" tabindex=\"0\">\n\t\t\t\t\t\t<i aria-hidden=\"true\" class=\"eicon-chevron-left\"><\/i>\t\t\t\t\t<\/div>\n\t\t\t\t\t<div class=\"elementor-swiper-button elementor-swiper-button-next\" role=\"button\" tabindex=\"0\">\n\t\t\t\t\t\t<i aria-hidden=\"true\" class=\"eicon-chevron-right\"><\/i>\t\t\t\t\t<\/div>\n\t\t\t\t\n\t\t\t\t\t\t\t\t\t<\/div>\n\t\t\t\t\t\t<\/div>\n\t\t\t\t<\/div>\n\t\t\t\t<div class=\"elementor-element elementor-element-96f7811 elementor-widget elementor-widget-text-editor\" data-id=\"96f7811\" data-element_type=\"widget\" data-e-type=\"widget\" data-widget_type=\"text-editor.default\">\n\t\t\t\t<div class=\"elementor-widget-container\">\n\t\t\t\t\t\t\t\t\t<p><span style=\"color: #000000;\">La vivienda, que fue restaurada en 2014, cuenta con amplias estancias y habitaciones con techos de sabina, originales de las construcciones ibicencas, as\u00ed como de gruesos muros de 1m de ancho. Estas caracter\u00edsticas constructivas hacen que la temperatura en el interior de la casa se mantenga estable durante las diferentes estaciones del a\u00f1o.<\/span><\/p><p><span style=\"color: #000000;\">Situada tan solo a 2km del pueblo de Sant Miquel de Balansat, podr\u00e1 disfrutar de su privacidad en un entorno completamente rural. Su ubicaci\u00f3n y f\u00e1cil acceso hace posible ir andando hasta el pueblo, as\u00ed como llegar en 5 minutos en coche al precioso pueblo de Santa Gertrudis, 20 al centro de la ciudad y 25 al aeropuerto de Ibiza. Tanto en el pueblo de Sant Miquel como en Santa Gertrudis se pueden encontrar todos los servicios necesarios: supermercados, carnicer\u00eda, farmacia, m\u00e9dico, bancos, papeler\u00eda, restaurantes, oficina de correos etc\u2026.<\/span><\/p><p><span style=\"color: #000000;\">A pocos km de la zona podr\u00e1n disfrutar de las maravillosas playas del norte de Ibiza. Estas peque\u00f1as calas disponen de todos los servicios necesarios para disfrutar de un precioso y divertido d\u00eda de playa. Por otro lado, en el Puig de MIssa de Sant Miquel, todos los jueves durante los meses de verano se puede disfrutar de exhibici\u00f3n de bailes tradicionales ibicencos y mercadillo semanal con productos t\u00edpicos de la zona y artesan\u00eda<\/span><\/p>\t\t\t\t\t\t\t\t<\/div>\n\t\t\t\t<\/div>\n\t\t\t\t\t<\/div>\n\t\t<\/div>\n\t\t\t\t\t<\/div>\n\t\t<\/section>\n\t\t\t\t\t<\/div>\n\t\t<\/div>\n\t\t\t\t\t<\/div>\n\t\t<\/section>\n\t\t\t\t<\/div>\n\t\t","protected":false},"excerpt":{"rendered":"<p>CAN PEP FRIT casa rural en el coraz\u00f3n de ibiza Can Pep Frit es una casa t\u00edpica ibicenca de 300 m2 rodeada de huertos y pinares con amplia capacidad para 8 personas. Servicios de la casa DISTRIBUCI\u00d3N. La casa cuenta con 4 dormitorios con las siguientes caracter\u00edsticas: Piso superior: 2 habitaciones de matrimonio ( cama<br \/><a class=\"moretag\" href=\"http:\/\/canpepfrit.com\/ca\/la-casa-2\">+ Read More<\/a><\/p>\n","protected":false},"author":1,"featured_media":0,"parent":0,"menu_order":0,"comment_status":"closed","ping_status":"closed","template":"elementor_header_footer","meta":{"_monsterinsights_skip_tracking":false,"_monsterinsights_sitenote_active":false,"_monsterinsights_sitenote_note":"","_monsterinsights_sitenote_category":0,"footnotes":""},"class_list":["post-315","page","type-page","status-publish","hentry"],"aioseo_notices":[],"_links":{"self":[{"href":"http:\/\/canpepfrit.com\/ca\/wp-json\/wp\/v2\/pages\/315","targetHints":{"allow":["GET"]}}],"collection":[{"href":"http:\/\/canpepfrit.com\/ca\/wp-json\/wp\/v2\/pages"}],"about":[{"href":"http:\/\/canpepfrit.com\/ca\/wp-json\/wp\/v2\/types\/page"}],"author":[{"embeddable":true,"href":"http:\/\/canpepfrit.com\/ca\/wp-json\/wp\/v2\/users\/1"}],"replies":[{"embeddable":true,"href":"http:\/\/canpepfrit.com\/ca\/wp-json\/wp\/v2\/comments?post=315"}],"version-history":[{"count":28,"href":"http:\/\/canpepfrit.com\/ca\/wp-json\/wp\/v2\/pages\/315\/revisions"}],"predecessor-version":[{"id":346,"href":"http:\/\/canpepfrit.com\/ca\/wp-json\/wp\/v2\/pages\/315\/revisions\/346"}],"wp:attachment":[{"href":"http:\/\/canpepfrit.com\/ca\/wp-json\/wp\/v2\/media?parent=315"}],"curies":[{"name":"wp","href":"https:\/\/api.w.org\/{rel}","templated":true}]}}